{"id":2745,"date":"2023-01-18T11:36:04","date_gmt":"2023-01-18T10:36:04","guid":{"rendered":"https:\/\/www.phenix-group.be\/ramen-deuren\/"},"modified":"2024-02-19T10:57:26","modified_gmt":"2024-02-19T09:57:26","slug":"portes-et-chassis","status":"publish","type":"page","link":"https:\/\/www.phenix-group.be\/fr\/portes-et-chassis\/","title":{"rendered":"Portes et ch\u00e2ssis"},"content":{"rendered":"<style>.wp-block-kadence-advancedheading.kt-adv-heading2745_a58ac5-27, .wp-block-kadence-advancedheading.kt-adv-heading2745_a58ac5-27[data-kb-block=\"kb-adv-heading2745_a58ac5-27\"]{font-size:1.3em;font-style:normal;}.wp-block-kadence-advancedheading.kt-adv-heading2745_a58ac5-27 mark.kt-highlight, .wp-block-kadence-advancedheading.kt-adv-heading2745_a58ac5-27[data-kb-block=\"kb-adv-heading2745_a58ac5-27\"] mark.kt-highlight{font-style:normal;color:#f76a0c;-webkit-box-decoration-break:clone;box-decoration-break:clone;padding-top:0px;padding-right:0px;padding-bottom:0px;padding-left:0px;}.wp-block-kadence-advancedheading.kt-adv-heading2745_a58ac5-27 img.kb-inline-image, .wp-block-kadence-advancedheading.kt-adv-heading2745_a58ac5-27[data-kb-block=\"kb-adv-heading2745_a58ac5-27\"] img.kb-inline-image{width:150px;vertical-align:baseline;}<\/style>\n<h2 class=\"kt-adv-heading2745_a58ac5-27 wp-block-kadence-advancedheading has-green-color has-text-color\" data-kb-block=\"kb-adv-heading2745_a58ac5-27\">LE CLIENT AU C\u0152UR DE TOUT<\/h2>\n\n\n\n<p>Vous pouvez toujours compter sur Phenix Group. Des nouvelles constructions aux projets \u00e0 grande \u00e9chelle en passant par les r\u00e9novations, nos \u00e9quipes de professionnels exp\u00e9riment\u00e9s rel\u00e8vent haut la main tous les d\u00e9fis. Mais saviez-vous que notre d\u00e9partement menuiserie d\u2019ext\u00e9rieur emploie de v\u00e9ritables experts ? L\u2019ensemble du groupe met l\u2019accent sur le client. Nous mettons tout en \u0153uvre pour que votre projet d\u00e9bouche sur un magnifique r\u00e9sultat. Et tout commence par la confiance.<\/p>\n\n\n<style>.wp-block-kadence-spacer.kt-block-spacer-2745_7480de-ff .kt-block-spacer{height:30px;}.wp-block-kadence-spacer.kt-block-spacer-2745_7480de-ff .kt-divider{border-top-width:1px;height:1px;border-top-color:#eee;width:80%;border-top-style:solid;}<\/style>\n<div class=\"wp-block-kadence-spacer aligncenter kt-block-spacer-2745_7480de-ff\"><div class=\"kt-block-spacer kt-block-spacer-halign-center\"><\/div><\/div>\n\n\n<style>.wp-block-kadence-advancedheading.kt-adv-heading2745_20fc8f-52, .wp-block-kadence-advancedheading.kt-adv-heading2745_20fc8f-52[data-kb-block=\"kb-adv-heading2745_20fc8f-52\"]{font-size:1.3em;font-style:normal;}.wp-block-kadence-advancedheading.kt-adv-heading2745_20fc8f-52 mark.kt-highlight, .wp-block-kadence-advancedheading.kt-adv-heading2745_20fc8f-52[data-kb-block=\"kb-adv-heading2745_20fc8f-52\"] mark.kt-highlight{font-style:normal;color:#f76a0c;-webkit-box-decoration-break:clone;box-decoration-break:clone;padding-top:0px;padding-right:0px;padding-bottom:0px;padding-left:0px;}.wp-block-kadence-advancedheading.kt-adv-heading2745_20fc8f-52 img.kb-inline-image, .wp-block-kadence-advancedheading.kt-adv-heading2745_20fc8f-52[data-kb-block=\"kb-adv-heading2745_20fc8f-52\"] img.kb-inline-image{width:150px;vertical-align:baseline;}<\/style>\n<h2 class=\"kt-adv-heading2745_20fc8f-52 wp-block-kadence-advancedheading has-green-color has-text-color\" data-kb-block=\"kb-adv-heading2745_20fc8f-52\">DEVIS ET PLANNINGS FIABLES<\/h2>\n\n\n\n<p>Apr\u00e8s avoir pris connaissance de vos souhaits, nous \u00e9tablissons un devis d\u00e9taill\u00e9 \u00e0 des prix comp\u00e9titifs. Nous vous fournissons ensuite un planning complet des travaux et nous mettons un point d\u2019honneur \u00e0 le respecter scrupuleusement. Nous sommes votre point de contact direct pour l\u2019ensemble du projet. Nous vous communiquons les dates des prises de mesures, ainsi que des livraisons et des montages. Nous veillons \u00e0 toujours honorer nos engagements pour vous permettre de vous pr\u00e9parer aux travaux en temps utile.<\/p>\n\n\n<style>.wp-block-kadence-spacer.kt-block-spacer-2745_39cc9c-9d .kt-block-spacer{height:30px;}.wp-block-kadence-spacer.kt-block-spacer-2745_39cc9c-9d .kt-divider{border-top-width:1px;height:1px;border-top-color:#eee;width:80%;border-top-style:solid;}<\/style>\n<div class=\"wp-block-kadence-spacer aligncenter kt-block-spacer-2745_39cc9c-9d\"><div class=\"kt-block-spacer kt-block-spacer-halign-center\"><\/div><\/div>\n\n\n<style>.wp-block-kadence-advancedheading.kt-adv-heading2745_d47b83-7a, .wp-block-kadence-advancedheading.kt-adv-heading2745_d47b83-7a[data-kb-block=\"kb-adv-heading2745_d47b83-7a\"]{font-size:1.3em;font-style:normal;}.wp-block-kadence-advancedheading.kt-adv-heading2745_d47b83-7a mark.kt-highlight, .wp-block-kadence-advancedheading.kt-adv-heading2745_d47b83-7a[data-kb-block=\"kb-adv-heading2745_d47b83-7a\"] mark.kt-highlight{font-style:normal;color:#f76a0c;-webkit-box-decoration-break:clone;box-decoration-break:clone;padding-top:0px;padding-right:0px;padding-bottom:0px;padding-left:0px;}.wp-block-kadence-advancedheading.kt-adv-heading2745_d47b83-7a img.kb-inline-image, .wp-block-kadence-advancedheading.kt-adv-heading2745_d47b83-7a[data-kb-block=\"kb-adv-heading2745_d47b83-7a\"] img.kb-inline-image{width:150px;vertical-align:baseline;}<\/style>\n<h2 class=\"kt-adv-heading2745_d47b83-7a wp-block-kadence-advancedheading has-green-color has-text-color\" data-kb-block=\"kb-adv-heading2745_d47b83-7a\">DES CONSEILS PROFESSIONNELS<\/h2>\n\n\n\n<p>Chez Phenix Group, nous savons qu\u2019un projet implique de faire de nombreux choix. \u00ab Quel mat\u00e9riau est le plus ad\u00e9quat\u00a0? \u00bb, \u00ab Sur quoi se baser pour bien choisir \u00bb\u00a0: ce ne sont l\u00e0 que quelques exemples des innombrables questions qui se posent avec le risque de passer \u00e0 c\u00f4t\u00e9 de l\u2019essentiel. C\u2019est pourquoi nous nous faisons un plaisir de vous guider pour vous permettre de prendre des d\u00e9cisions en toute confiance.<\/p>\n\n\n<style>.wp-block-kadence-spacer.kt-block-spacer-2745_af9dc2-2c .kt-block-spacer{height:30px;}.wp-block-kadence-spacer.kt-block-spacer-2745_af9dc2-2c .kt-divider{border-top-width:1px;height:1px;border-top-color:#eee;width:80%;border-top-style:solid;}<\/style>\n<div class=\"wp-block-kadence-spacer aligncenter kt-block-spacer-2745_af9dc2-2c\"><div class=\"kt-block-spacer kt-block-spacer-halign-center\"><\/div><\/div>\n\n\n<style>.wp-block-kadence-advancedheading.kt-adv-heading2745_af9dc2-2c, .wp-block-kadence-advancedheading.kt-adv-heading2745_af9dc2-2c[data-kb-block=\"kb-adv-heading2745_af9dc2-2c\"]{font-size:1.3em;font-style:normal;}.wp-block-kadence-advancedheading.kt-adv-heading2745_af9dc2-2c mark.kt-highlight, .wp-block-kadence-advancedheading.kt-adv-heading2745_af9dc2-2c[data-kb-block=\"kb-adv-heading2745_af9dc2-2c\"] mark.kt-highlight{font-style:normal;color:#f76a0c;-webkit-box-decoration-break:clone;box-decoration-break:clone;padding-top:0px;padding-right:0px;padding-bottom:0px;padding-left:0px;}.wp-block-kadence-advancedheading.kt-adv-heading2745_af9dc2-2c img.kb-inline-image, .wp-block-kadence-advancedheading.kt-adv-heading2745_af9dc2-2c[data-kb-block=\"kb-adv-heading2745_af9dc2-2c\"] img.kb-inline-image{width:150px;vertical-align:baseline;}<\/style>\n<h2 class=\"kt-adv-heading2745_af9dc2-2c wp-block-kadence-advancedheading has-green-color has-text-color\" data-kb-block=\"kb-adv-heading2745_af9dc2-2c\">ALUMINIUM, PVC ET BOIS<\/h2>\n\n\n\n<p>Nous sommes synonymes de savoir-faire.\u00a0Qu\u2019il s\u2019agisse de menuiserie en alu, PVC ou bois, nous mettons la ponctualit\u00e9, la fiabilit\u00e9 et la qualit\u00e9 en t\u00eate de nos priorit\u00e9s. La volont\u00e9 d\u2019am\u00e9liorer nos connaissances fait aussi partie de notre ADN. Nous suivons en permanence des formations relatives \u00e0 la pose de menuiseries ext\u00e9rieures, ainsi qu\u2019aux produits annexes comme les pare-soleils, les moustiquaires, les volets roulants ou les bardages.<\/p>\n\n\n\n<p>Une solution globale sur mesure ? Vous demandez et nous livrons !&nbsp;<\/p>\n\n\n\n<p>Contactez-nous sans attendre via&nbsp;<a href=\"mailto:menuiserie@phenix-group.be\">menuiserie@phenix-group.be<\/a><\/p>\n","protected":false},"excerpt":{"rendered":"LE CLIENT AU C\u0152UR DE TOUT Vous pouvez toujours compter sur Phenix Group. Des nouvelles constructions aux projets \u00e0 grande \u00e9chelle en passant par les r\u00e9novations, nos \u00e9quipes de professionnels&#8230;","protected":false},"author":3,"featured_media":2742,"parent":0,"menu_order":0,"comment_status":"closed","ping_status":"closed","template":"type-ramen-deuren.php","meta":{"_acf_changed":false,"footnotes":""},"class_list":["post-2745","page","type-page","status-publish","has-post-thumbnail","hentry"],"acf":[],"yoast_head":"<!-- This site is optimized with the Yoast SEO plugin v26.9 - https:\/\/yoast.com\/product\/yoast-seo-wordpress\/ -->\n<title>Portes et ch\u00e2ssis - Phenix Group<\/title>\n<meta name=\"robots\" content=\"index, follow, max-snippet:-1, max-image-preview:large, max-video-preview:-1\" \/>\n<link rel=\"canonical\" href=\"https:\/\/www.phenix-group.be\/fr\/portes-et-chassis\/\" \/>\n<meta property=\"og:locale\" content=\"fr_FR\" \/>\n<meta property=\"og:type\" content=\"article\" \/>\n<meta property=\"og:title\" content=\"Portes et ch\u00e2ssis - Phenix Group\" \/>\n<meta property=\"og:description\" content=\"LE CLIENT AU C\u0152UR DE TOUT Vous pouvez toujours compter sur Phenix Group. Des nouvelles constructions aux projets \u00e0 grande \u00e9chelle en passant par les r\u00e9novations, nos \u00e9quipes de professionnels...\" \/>\n<meta property=\"og:url\" content=\"https:\/\/www.phenix-group.be\/fr\/portes-et-chassis\/\" \/>\n<meta property=\"og:site_name\" content=\"Phenix Group\" \/>\n<meta property=\"article:modified_time\" content=\"2024-02-19T09:57:26+00:00\" \/>\n<meta property=\"og:image\" content=\"https:\/\/www.phenix-group.be\/wp-content\/uploads\/2023\/01\/banner-ramen-deuren.jpg\" \/>\n\t<meta property=\"og:image:width\" content=\"1600\" \/>\n\t<meta property=\"og:image:height\" content=\"800\" \/>\n\t<meta property=\"og:image:type\" content=\"image\/jpeg\" \/>\n<meta name=\"twitter:card\" content=\"summary_large_image\" \/>\n<meta name=\"twitter:label1\" content=\"Dur\u00e9e de lecture estim\u00e9e\" \/>\n\t<meta name=\"twitter:data1\" content=\"2 minutes\" \/>\n<script type=\"application\/ld+json\" class=\"yoast-schema-graph\">{\"@context\":\"https:\/\/schema.org\",\"@graph\":[{\"@type\":\"WebPage\",\"@id\":\"https:\/\/www.phenix-group.be\/fr\/portes-et-chassis\/\",\"url\":\"https:\/\/www.phenix-group.be\/fr\/portes-et-chassis\/\",\"name\":\"Portes et ch\u00e2ssis - Phenix Group\",\"isPartOf\":{\"@id\":\"https:\/\/www.phenix-group.be\/fr\/#website\"},\"primaryImageOfPage\":{\"@id\":\"https:\/\/www.phenix-group.be\/fr\/portes-et-chassis\/#primaryimage\"},\"image\":{\"@id\":\"https:\/\/www.phenix-group.be\/fr\/portes-et-chassis\/#primaryimage\"},\"thumbnailUrl\":\"https:\/\/www.phenix-group.be\/wp-content\/uploads\/2023\/01\/banner-ramen-deuren.jpg\",\"datePublished\":\"2023-01-18T10:36:04+00:00\",\"dateModified\":\"2024-02-19T09:57:26+00:00\",\"breadcrumb\":{\"@id\":\"https:\/\/www.phenix-group.be\/fr\/portes-et-chassis\/#breadcrumb\"},\"inLanguage\":\"fr-FR\",\"potentialAction\":[{\"@type\":\"ReadAction\",\"target\":[\"https:\/\/www.phenix-group.be\/fr\/portes-et-chassis\/\"]}]},{\"@type\":\"ImageObject\",\"inLanguage\":\"fr-FR\",\"@id\":\"https:\/\/www.phenix-group.be\/fr\/portes-et-chassis\/#primaryimage\",\"url\":\"https:\/\/www.phenix-group.be\/wp-content\/uploads\/2023\/01\/banner-ramen-deuren.jpg\",\"contentUrl\":\"https:\/\/www.phenix-group.be\/wp-content\/uploads\/2023\/01\/banner-ramen-deuren.jpg\",\"width\":1600,\"height\":800},{\"@type\":\"BreadcrumbList\",\"@id\":\"https:\/\/www.phenix-group.be\/fr\/portes-et-chassis\/#breadcrumb\",\"itemListElement\":[{\"@type\":\"ListItem\",\"position\":1,\"name\":\"Home\",\"item\":\"https:\/\/www.phenix-group.be\/fr\/\"},{\"@type\":\"ListItem\",\"position\":2,\"name\":\"Portes et ch\u00e2ssis\"}]},{\"@type\":\"WebSite\",\"@id\":\"https:\/\/www.phenix-group.be\/fr\/#website\",\"url\":\"https:\/\/www.phenix-group.be\/fr\/\",\"name\":\"Phenix Group\",\"description\":\"Construction &amp; Development\",\"potentialAction\":[{\"@type\":\"SearchAction\",\"target\":{\"@type\":\"EntryPoint\",\"urlTemplate\":\"https:\/\/www.phenix-group.be\/fr\/?s={search_term_string}\"},\"query-input\":{\"@type\":\"PropertyValueSpecification\",\"valueRequired\":true,\"valueName\":\"search_term_string\"}}],\"inLanguage\":\"fr-FR\"}]}<\/script>\n<!-- \/ Yoast SEO plugin. -->","yoast_head_json":{"title":"Portes et ch\u00e2ssis - Phenix Group","robots":{"index":"index","follow":"follow","max-snippet":"max-snippet:-1","max-image-preview":"max-image-preview:large","max-video-preview":"max-video-preview:-1"},"canonical":"https:\/\/www.phenix-group.be\/fr\/portes-et-chassis\/","og_locale":"fr_FR","og_type":"article","og_title":"Portes et ch\u00e2ssis - Phenix Group","og_description":"LE CLIENT AU C\u0152UR DE TOUT Vous pouvez toujours compter sur Phenix Group. Des nouvelles constructions aux projets \u00e0 grande \u00e9chelle en passant par les r\u00e9novations, nos \u00e9quipes de professionnels...","og_url":"https:\/\/www.phenix-group.be\/fr\/portes-et-chassis\/","og_site_name":"Phenix Group","article_modified_time":"2024-02-19T09:57:26+00:00","og_image":[{"width":1600,"height":800,"url":"https:\/\/www.phenix-group.be\/wp-content\/uploads\/2023\/01\/banner-ramen-deuren.jpg","type":"image\/jpeg"}],"twitter_card":"summary_large_image","twitter_misc":{"Dur\u00e9e de lecture estim\u00e9e":"2 minutes"},"schema":{"@context":"https:\/\/schema.org","@graph":[{"@type":"WebPage","@id":"https:\/\/www.phenix-group.be\/fr\/portes-et-chassis\/","url":"https:\/\/www.phenix-group.be\/fr\/portes-et-chassis\/","name":"Portes et ch\u00e2ssis - Phenix Group","isPartOf":{"@id":"https:\/\/www.phenix-group.be\/fr\/#website"},"primaryImageOfPage":{"@id":"https:\/\/www.phenix-group.be\/fr\/portes-et-chassis\/#primaryimage"},"image":{"@id":"https:\/\/www.phenix-group.be\/fr\/portes-et-chassis\/#primaryimage"},"thumbnailUrl":"https:\/\/www.phenix-group.be\/wp-content\/uploads\/2023\/01\/banner-ramen-deuren.jpg","datePublished":"2023-01-18T10:36:04+00:00","dateModified":"2024-02-19T09:57:26+00:00","breadcrumb":{"@id":"https:\/\/www.phenix-group.be\/fr\/portes-et-chassis\/#breadcrumb"},"inLanguage":"fr-FR","potentialAction":[{"@type":"ReadAction","target":["https:\/\/www.phenix-group.be\/fr\/portes-et-chassis\/"]}]},{"@type":"ImageObject","inLanguage":"fr-FR","@id":"https:\/\/www.phenix-group.be\/fr\/portes-et-chassis\/#primaryimage","url":"https:\/\/www.phenix-group.be\/wp-content\/uploads\/2023\/01\/banner-ramen-deuren.jpg","contentUrl":"https:\/\/www.phenix-group.be\/wp-content\/uploads\/2023\/01\/banner-ramen-deuren.jpg","width":1600,"height":800},{"@type":"BreadcrumbList","@id":"https:\/\/www.phenix-group.be\/fr\/portes-et-chassis\/#breadcrumb","itemListElement":[{"@type":"ListItem","position":1,"name":"Home","item":"https:\/\/www.phenix-group.be\/fr\/"},{"@type":"ListItem","position":2,"name":"Portes et ch\u00e2ssis"}]},{"@type":"WebSite","@id":"https:\/\/www.phenix-group.be\/fr\/#website","url":"https:\/\/www.phenix-group.be\/fr\/","name":"Phenix Group","description":"Construction &amp; Development","potentialAction":[{"@type":"SearchAction","target":{"@type":"EntryPoint","urlTemplate":"https:\/\/www.phenix-group.be\/fr\/?s={search_term_string}"},"query-input":{"@type":"PropertyValueSpecification","valueRequired":true,"valueName":"search_term_string"}}],"inLanguage":"fr-FR"}]}},"wps_subtitle":"","_links":{"self":[{"href":"https:\/\/www.phenix-group.be\/fr\/wp-json\/wp\/v2\/pages\/2745","targetHints":{"allow":["GET"]}}],"collection":[{"href":"https:\/\/www.phenix-group.be\/fr\/wp-json\/wp\/v2\/pages"}],"about":[{"href":"https:\/\/www.phenix-group.be\/fr\/wp-json\/wp\/v2\/types\/page"}],"author":[{"embeddable":true,"href":"https:\/\/www.phenix-group.be\/fr\/wp-json\/wp\/v2\/users\/3"}],"replies":[{"embeddable":true,"href":"https:\/\/www.phenix-group.be\/fr\/wp-json\/wp\/v2\/comments?post=2745"}],"version-history":[{"count":3,"href":"https:\/\/www.phenix-group.be\/fr\/wp-json\/wp\/v2\/pages\/2745\/revisions"}],"predecessor-version":[{"id":3491,"href":"https:\/\/www.phenix-group.be\/fr\/wp-json\/wp\/v2\/pages\/2745\/revisions\/3491"}],"wp:featuredmedia":[{"embeddable":true,"href":"https:\/\/www.phenix-group.be\/fr\/wp-json\/wp\/v2\/media\/2742"}],"wp:attachment":[{"href":"https:\/\/www.phenix-group.be\/fr\/wp-json\/wp\/v2\/media?parent=2745"}],"curies":[{"name":"wp","href":"https:\/\/api.w.org\/{rel}","templated":true}]}}