{"id":28,"date":"2021-01-18T09:59:52","date_gmt":"2021-01-18T08:59:52","guid":{"rendered":"http:\/\/klanten.castaar.com\/phenixgroup\/?page_id=28"},"modified":"2025-12-30T11:24:00","modified_gmt":"2025-12-30T10:24:00","slug":"accueil","status":"publish","type":"page","link":"https:\/\/www.phenix-group.be\/fr\/","title":{"rendered":"Accueil"},"content":{"rendered":"\t\t<div data-elementor-type=\"wp-page\" data-elementor-id=\"28\" class=\"elementor elementor-28 elementor-25\" data-elementor-post-type=\"page\">\n\t\t\t\t<div class=\"elementor-element elementor-element-6a90c7a5 e-flex e-con-boxed e-con e-parent\" data-id=\"6a90c7a5\" data-element_type=\"container\" data-e-type=\"container\">\n\t\t\t\t\t<div class=\"e-con-inner\">\n\t\t\t\t<div class=\"elementor-element elementor-element-13113504 elementor-widget elementor-widget-text-editor\" data-id=\"13113504\" data-element_type=\"widget\" data-e-type=\"widget\" data-widget_type=\"text-editor.default\">\n\t\t\t\t\t\t\t\t\t<div><div><div><div><div><div><div><div><div><div><div><a href=\"https:\/\/www.phenix-group.be\/fr\/construction\/\"><img decoding=\"async\" src=\"https:\/\/www.phenix-group.be\/wp-content\/uploads\/2023\/01\/icon-bouw-small.svg\" alt=\"\" width=\"100\" height=\"70.26\" \/><\/a><\/div><\/div><\/div><\/div><\/div><div><h2><a style=\"color: #7a7a7a;\" href=\"https:\/\/www.phenix-group.be\/fr\/construction\">CONSTRUCTION<\/a><\/h2><\/div><\/div><p><span style=\"text-transform: uppercase;\">Construction industrielle et utilitaire<br \/><\/span><span style=\"text-transform: uppercase;\">Nouvelle construction, extension et transformation<br \/><\/span><span style=\"text-transform: uppercase;\">Construction en acier et en b\u00e9ton<\/span><\/p><p>\u00a0<\/p><\/div><\/div><\/div><\/div><\/div><div><div><div><div><div><div><div><div><div><div><div><a href=\"https:\/\/www.phenix-group.be\/fr\/infra\/\"><img decoding=\"async\" src=\"https:\/\/www.phenix-group.be\/wp-content\/uploads\/2023\/01\/icon-infra-small.svg\" alt=\"\" width=\"100\" height=\"81.76\" \/><\/a><\/div><\/div><\/div><\/div><\/div><div><h2><a style=\"color: #7a7a7a;\" href=\"https:\/\/www.phenix-group.be\/fr\/infra\/\">Infra<\/a><\/h2><\/div><\/div><p><span style=\"text-transform: uppercase;\">Abords d\u2019entreprises et parkings<br \/><\/span><span style=\"text-transform: uppercase;\">\u00c9gouttage<br \/><\/span><span style=\"text-transform: uppercase;\">R\u00e9novation et entretien<\/span><\/p><\/div><\/div><\/div><\/div><\/div>\t\t\t\t\t\t\t\t<\/div>\n\t\t\t\t\t<\/div>\n\t\t\t\t<\/div>\n\t\t\t\t<\/div>\n\t\t","protected":false},"excerpt":{"rendered":"CONSTRUCTION Construction industrielle et utilitaireNouvelle construction, extension et transformationConstruction en acier et en b\u00e9ton \u00a0 Infra Abords d\u2019entreprises et parkings\u00c9gouttageR\u00e9novation et entretien","protected":false},"author":3,"featured_media":449,"parent":0,"menu_order":0,"comment_status":"closed","ping_status":"closed","template":"","meta":{"_acf_changed":false,"footnotes":""},"class_list":["post-28","page","type-page","status-publish","has-post-thumbnail","hentry"],"acf":[],"yoast_head":"<!-- This site is optimized with the Yoast SEO plugin v26.9 - https:\/\/yoast.com\/product\/yoast-seo-wordpress\/ -->\n<title>Construire et transformer votre b\u00e2timent industriel - Phenix Group<\/title>\n<meta name=\"description\" content=\"Phenix Group fait grandir votre entreprise gr\u00e2ce \u00e0 son expertise avanc\u00e9e en construction industrielle. Nous sommes actifs dans toute la Belgique.\" \/>\n<meta name=\"robots\" content=\"index, follow, max-snippet:-1, max-image-preview:large, max-video-preview:-1\" \/>\n<link rel=\"canonical\" href=\"https:\/\/www.phenix-group.be\/fr\/\" \/>\n<meta property=\"og:locale\" content=\"fr_FR\" \/>\n<meta property=\"og:type\" content=\"article\" \/>\n<meta property=\"og:title\" content=\"Construire et transformer votre b\u00e2timent industriel - Phenix Group\" \/>\n<meta property=\"og:description\" content=\"Phenix Group fait grandir votre entreprise gr\u00e2ce \u00e0 son expertise avanc\u00e9e en construction industrielle. Nous sommes actifs dans toute la Belgique.\" \/>\n<meta property=\"og:url\" content=\"https:\/\/www.phenix-group.be\/fr\/\" \/>\n<meta property=\"og:site_name\" content=\"Phenix Group\" \/>\n<meta property=\"article:modified_time\" content=\"2025-12-30T10:24:00+00:00\" \/>\n<meta property=\"og:image\" content=\"https:\/\/www.phenix-group.be\/wp-content\/uploads\/2021\/05\/dsc_9156.jpg\" \/>\n\t<meta property=\"og:image:width\" content=\"1600\" \/>\n\t<meta property=\"og:image:height\" content=\"1067\" \/>\n\t<meta property=\"og:image:type\" content=\"image\/jpeg\" \/>\n<meta name=\"twitter:card\" content=\"summary_large_image\" \/>\n<meta name=\"twitter:label1\" content=\"Dur\u00e9e de lecture estim\u00e9e\" \/>\n\t<meta name=\"twitter:data1\" content=\"1 minute\" \/>\n<script type=\"application\/ld+json\" class=\"yoast-schema-graph\">{\"@context\":\"https:\/\/schema.org\",\"@graph\":[{\"@type\":\"WebPage\",\"@id\":\"https:\/\/www.phenix-group.be\/fr\/\",\"url\":\"https:\/\/www.phenix-group.be\/fr\/\",\"name\":\"Construire et transformer votre b\u00e2timent industriel - Phenix Group\",\"isPartOf\":{\"@id\":\"https:\/\/www.phenix-group.be\/fr\/#website\"},\"primaryImageOfPage\":{\"@id\":\"https:\/\/www.phenix-group.be\/fr\/#primaryimage\"},\"image\":{\"@id\":\"https:\/\/www.phenix-group.be\/fr\/#primaryimage\"},\"thumbnailUrl\":\"https:\/\/www.phenix-group.be\/wp-content\/uploads\/2021\/05\/dsc_9156.jpg\",\"datePublished\":\"2021-01-18T08:59:52+00:00\",\"dateModified\":\"2025-12-30T10:24:00+00:00\",\"description\":\"Phenix Group fait grandir votre entreprise gr\u00e2ce \u00e0 son expertise avanc\u00e9e en construction industrielle. Nous sommes actifs dans toute la Belgique.\",\"breadcrumb\":{\"@id\":\"https:\/\/www.phenix-group.be\/fr\/#breadcrumb\"},\"inLanguage\":\"fr-FR\",\"potentialAction\":[{\"@type\":\"ReadAction\",\"target\":[\"https:\/\/www.phenix-group.be\/fr\/\"]}]},{\"@type\":\"ImageObject\",\"inLanguage\":\"fr-FR\",\"@id\":\"https:\/\/www.phenix-group.be\/fr\/#primaryimage\",\"url\":\"https:\/\/www.phenix-group.be\/wp-content\/uploads\/2021\/05\/dsc_9156.jpg\",\"contentUrl\":\"https:\/\/www.phenix-group.be\/wp-content\/uploads\/2021\/05\/dsc_9156.jpg\",\"width\":1600,\"height\":1067},{\"@type\":\"BreadcrumbList\",\"@id\":\"https:\/\/www.phenix-group.be\/fr\/#breadcrumb\",\"itemListElement\":[{\"@type\":\"ListItem\",\"position\":1,\"name\":\"Home\",\"item\":\"https:\/\/www.phenix-group.be\/fr\/\"},{\"@type\":\"ListItem\",\"position\":2,\"name\":\"Accueil\"}]},{\"@type\":\"WebSite\",\"@id\":\"https:\/\/www.phenix-group.be\/fr\/#website\",\"url\":\"https:\/\/www.phenix-group.be\/fr\/\",\"name\":\"Phenix Group\",\"description\":\"Construction &amp; Development\",\"potentialAction\":[{\"@type\":\"SearchAction\",\"target\":{\"@type\":\"EntryPoint\",\"urlTemplate\":\"https:\/\/www.phenix-group.be\/fr\/?s={search_term_string}\"},\"query-input\":{\"@type\":\"PropertyValueSpecification\",\"valueRequired\":true,\"valueName\":\"search_term_string\"}}],\"inLanguage\":\"fr-FR\"}]}<\/script>\n<!-- \/ Yoast SEO plugin. -->","yoast_head_json":{"title":"Construire et transformer votre b\u00e2timent industriel - Phenix Group","description":"Phenix Group fait grandir votre entreprise gr\u00e2ce \u00e0 son expertise avanc\u00e9e en construction industrielle. Nous sommes actifs dans toute la Belgique.","robots":{"index":"index","follow":"follow","max-snippet":"max-snippet:-1","max-image-preview":"max-image-preview:large","max-video-preview":"max-video-preview:-1"},"canonical":"https:\/\/www.phenix-group.be\/fr\/","og_locale":"fr_FR","og_type":"article","og_title":"Construire et transformer votre b\u00e2timent industriel - Phenix Group","og_description":"Phenix Group fait grandir votre entreprise gr\u00e2ce \u00e0 son expertise avanc\u00e9e en construction industrielle. Nous sommes actifs dans toute la Belgique.","og_url":"https:\/\/www.phenix-group.be\/fr\/","og_site_name":"Phenix Group","article_modified_time":"2025-12-30T10:24:00+00:00","og_image":[{"width":1600,"height":1067,"url":"https:\/\/www.phenix-group.be\/wp-content\/uploads\/2021\/05\/dsc_9156.jpg","type":"image\/jpeg"}],"twitter_card":"summary_large_image","twitter_misc":{"Dur\u00e9e de lecture estim\u00e9e":"1 minute"},"schema":{"@context":"https:\/\/schema.org","@graph":[{"@type":"WebPage","@id":"https:\/\/www.phenix-group.be\/fr\/","url":"https:\/\/www.phenix-group.be\/fr\/","name":"Construire et transformer votre b\u00e2timent industriel - Phenix Group","isPartOf":{"@id":"https:\/\/www.phenix-group.be\/fr\/#website"},"primaryImageOfPage":{"@id":"https:\/\/www.phenix-group.be\/fr\/#primaryimage"},"image":{"@id":"https:\/\/www.phenix-group.be\/fr\/#primaryimage"},"thumbnailUrl":"https:\/\/www.phenix-group.be\/wp-content\/uploads\/2021\/05\/dsc_9156.jpg","datePublished":"2021-01-18T08:59:52+00:00","dateModified":"2025-12-30T10:24:00+00:00","description":"Phenix Group fait grandir votre entreprise gr\u00e2ce \u00e0 son expertise avanc\u00e9e en construction industrielle. Nous sommes actifs dans toute la Belgique.","breadcrumb":{"@id":"https:\/\/www.phenix-group.be\/fr\/#breadcrumb"},"inLanguage":"fr-FR","potentialAction":[{"@type":"ReadAction","target":["https:\/\/www.phenix-group.be\/fr\/"]}]},{"@type":"ImageObject","inLanguage":"fr-FR","@id":"https:\/\/www.phenix-group.be\/fr\/#primaryimage","url":"https:\/\/www.phenix-group.be\/wp-content\/uploads\/2021\/05\/dsc_9156.jpg","contentUrl":"https:\/\/www.phenix-group.be\/wp-content\/uploads\/2021\/05\/dsc_9156.jpg","width":1600,"height":1067},{"@type":"BreadcrumbList","@id":"https:\/\/www.phenix-group.be\/fr\/#breadcrumb","itemListElement":[{"@type":"ListItem","position":1,"name":"Home","item":"https:\/\/www.phenix-group.be\/fr\/"},{"@type":"ListItem","position":2,"name":"Accueil"}]},{"@type":"WebSite","@id":"https:\/\/www.phenix-group.be\/fr\/#website","url":"https:\/\/www.phenix-group.be\/fr\/","name":"Phenix Group","description":"Construction &amp; Development","potentialAction":[{"@type":"SearchAction","target":{"@type":"EntryPoint","urlTemplate":"https:\/\/www.phenix-group.be\/fr\/?s={search_term_string}"},"query-input":{"@type":"PropertyValueSpecification","valueRequired":true,"valueName":"search_term_string"}}],"inLanguage":"fr-FR"}]}},"wps_subtitle":"","_links":{"self":[{"href":"https:\/\/www.phenix-group.be\/fr\/wp-json\/wp\/v2\/pages\/28","targetHints":{"allow":["GET"]}}],"collection":[{"href":"https:\/\/www.phenix-group.be\/fr\/wp-json\/wp\/v2\/pages"}],"about":[{"href":"https:\/\/www.phenix-group.be\/fr\/wp-json\/wp\/v2\/types\/page"}],"author":[{"embeddable":true,"href":"https:\/\/www.phenix-group.be\/fr\/wp-json\/wp\/v2\/users\/3"}],"replies":[{"embeddable":true,"href":"https:\/\/www.phenix-group.be\/fr\/wp-json\/wp\/v2\/comments?post=28"}],"version-history":[{"count":13,"href":"https:\/\/www.phenix-group.be\/fr\/wp-json\/wp\/v2\/pages\/28\/revisions"}],"predecessor-version":[{"id":4547,"href":"https:\/\/www.phenix-group.be\/fr\/wp-json\/wp\/v2\/pages\/28\/revisions\/4547"}],"wp:featuredmedia":[{"embeddable":true,"href":"https:\/\/www.phenix-group.be\/fr\/wp-json\/wp\/v2\/media\/449"}],"wp:attachment":[{"href":"https:\/\/www.phenix-group.be\/fr\/wp-json\/wp\/v2\/media?parent=28"}],"curies":[{"name":"wp","href":"https:\/\/api.w.org\/{rel}","templated":true}]}}