{"id":618,"date":"2021-05-06T14:40:10","date_gmt":"2021-05-06T12:40:10","guid":{"rendered":"http:\/\/klanten.castaar.com\/phenixgroup\/?page_id=618"},"modified":"2023-01-18T11:30:34","modified_gmt":"2023-01-18T10:30:34","slug":"demolition","status":"publish","type":"page","link":"https:\/\/www.phenix-group.be\/fr\/demolition\/","title":{"rendered":"D\u00e9molition"},"content":{"rendered":"<style>.wp-block-kadence-advancedheading.kt-adv-heading_361ef7-6a, .wp-block-kadence-advancedheading.kt-adv-heading_361ef7-6a[data-kb-block=\"kb-adv-heading_361ef7-6a\"]{margin-bottom:20px;font-size:1.3em;font-style:normal;}.wp-block-kadence-advancedheading.kt-adv-heading_361ef7-6a mark.kt-highlight, .wp-block-kadence-advancedheading.kt-adv-heading_361ef7-6a[data-kb-block=\"kb-adv-heading_361ef7-6a\"] mark.kt-highlight{font-style:normal;color:#f76a0c;-webkit-box-decoration-break:clone;box-decoration-break:clone;padding-top:0px;padding-right:0px;padding-bottom:0px;padding-left:0px;}.wp-block-kadence-advancedheading.kt-adv-heading_361ef7-6a img.kb-inline-image, .wp-block-kadence-advancedheading.kt-adv-heading_361ef7-6a[data-kb-block=\"kb-adv-heading_361ef7-6a\"] img.kb-inline-image{width:150px;vertical-align:baseline;}<\/style>\n<h2 class=\"kt-adv-heading_361ef7-6a wp-block-kadence-advancedheading has-orange-color has-text-color\" data-kb-block=\"kb-adv-heading_361ef7-6a\">Travaux de d\u00e9molition<\/h2>\n\n\n\n<p>Qu\u2019il soit r\u00e9sidentiel ou industriel, nous d\u00e9molissons tout type de b\u00e2timent jusqu\u2019\u00e0 la derni\u00e8re pierre. Vous pouvez aussi compter sur nous pour des d\u00e9molitions plus d\u00e9licates \u00e0 des endroits difficiles d\u2019acc\u00e8s. Gr\u00e2ce \u00e0 ses collaborateurs exp\u00e9riment\u00e9s et \u00e0 son parc de machines appropri\u00e9, Phenix Group dispose de toute l\u2019expertise n\u00e9cessaire pour assurer chaque mission de d\u00e9molition en toute s\u00e9curit\u00e9. Une d\u00e9molition complexe ? Nous ne reculons devant aucun d\u00e9fi ! <\/p>\n\n\n\n<p>Nous pr\u00eatons toujours une attention particuli\u00e8re \u00e0 l\u2019aspect environnemental. Les gravats et autres d\u00e9chets sont tri\u00e9s sur le chantier avant d\u2019\u00eatre \u00e9vacu\u00e9s s\u00e9par\u00e9ment. Une fois la d\u00e9molition effectu\u00e9e, nous recyclons les d\u00e9combres en mat\u00e9riau utile pour les fondations du nouveau b\u00e2timent ou du parking. <\/p>\n\n\n\n<p>C\u2019est bon pour l\u2019environnement mais aussi int\u00e9ressant sur le plan financier car cela r\u00e9duit les co\u00fbts de mise en d\u00e9charge. Apr\u00e8s la d\u00e9molition, nous viabilisons l\u2019ensemble de votre parcelle, ce qui vous laisse le champ libre pour vous lancer dans un nouveau projet de construction.<\/p>\n","protected":false},"excerpt":{"rendered":"Travaux de d\u00e9molition Qu\u2019il soit r\u00e9sidentiel ou industriel, nous d\u00e9molissons tout type de b\u00e2timent jusqu\u2019\u00e0 la derni\u00e8re pierre. Vous pouvez aussi compter sur nous pour des d\u00e9molitions plus d\u00e9licates \u00e0&#8230;","protected":false},"author":3,"featured_media":462,"parent":0,"menu_order":0,"comment_status":"closed","ping_status":"closed","template":"type-afbraak.php","meta":{"_acf_changed":false,"footnotes":""},"class_list":["post-618","page","type-page","status-publish","has-post-thumbnail","hentry"],"acf":[],"yoast_head":"<!-- This site is optimized with the Yoast SEO plugin v26.9 - https:\/\/yoast.com\/product\/yoast-seo-wordpress\/ -->\n<title>D\u00e9molition - Phenix Group<\/title>\n<meta name=\"robots\" content=\"index, follow, max-snippet:-1, max-image-preview:large, max-video-preview:-1\" \/>\n<link rel=\"canonical\" href=\"https:\/\/www.phenix-group.be\/fr\/demolition\/\" \/>\n<meta property=\"og:locale\" content=\"fr_FR\" \/>\n<meta property=\"og:type\" content=\"article\" \/>\n<meta property=\"og:title\" content=\"D\u00e9molition - Phenix Group\" \/>\n<meta property=\"og:description\" content=\"Travaux de d\u00e9molition Qu\u2019il soit r\u00e9sidentiel ou industriel, nous d\u00e9molissons tout type de b\u00e2timent jusqu\u2019\u00e0 la derni\u00e8re pierre. Vous pouvez aussi compter sur nous pour des d\u00e9molitions plus d\u00e9licates \u00e0...\" \/>\n<meta property=\"og:url\" content=\"https:\/\/www.phenix-group.be\/fr\/demolition\/\" \/>\n<meta property=\"og:site_name\" content=\"Phenix Group\" \/>\n<meta property=\"article:modified_time\" content=\"2023-01-18T10:30:34+00:00\" \/>\n<meta property=\"og:image\" content=\"https:\/\/www.phenix-group.be\/wp-content\/uploads\/2021\/05\/dsc_9092.jpg\" \/>\n\t<meta property=\"og:image:width\" content=\"1600\" \/>\n\t<meta property=\"og:image:height\" content=\"1067\" \/>\n\t<meta property=\"og:image:type\" content=\"image\/jpeg\" \/>\n<meta name=\"twitter:card\" content=\"summary_large_image\" \/>\n<meta name=\"twitter:label1\" content=\"Dur\u00e9e de lecture estim\u00e9e\" \/>\n\t<meta name=\"twitter:data1\" content=\"1 minute\" \/>\n<script type=\"application\/ld+json\" class=\"yoast-schema-graph\">{\"@context\":\"https:\/\/schema.org\",\"@graph\":[{\"@type\":\"WebPage\",\"@id\":\"https:\/\/www.phenix-group.be\/fr\/demolition\/\",\"url\":\"https:\/\/www.phenix-group.be\/fr\/demolition\/\",\"name\":\"D\u00e9molition - Phenix Group\",\"isPartOf\":{\"@id\":\"https:\/\/www.phenix-group.be\/fr\/#website\"},\"primaryImageOfPage\":{\"@id\":\"https:\/\/www.phenix-group.be\/fr\/demolition\/#primaryimage\"},\"image\":{\"@id\":\"https:\/\/www.phenix-group.be\/fr\/demolition\/#primaryimage\"},\"thumbnailUrl\":\"https:\/\/www.phenix-group.be\/wp-content\/uploads\/2021\/05\/dsc_9092.jpg\",\"datePublished\":\"2021-05-06T12:40:10+00:00\",\"dateModified\":\"2023-01-18T10:30:34+00:00\",\"breadcrumb\":{\"@id\":\"https:\/\/www.phenix-group.be\/fr\/demolition\/#breadcrumb\"},\"inLanguage\":\"fr-FR\",\"potentialAction\":[{\"@type\":\"ReadAction\",\"target\":[\"https:\/\/www.phenix-group.be\/fr\/demolition\/\"]}]},{\"@type\":\"ImageObject\",\"inLanguage\":\"fr-FR\",\"@id\":\"https:\/\/www.phenix-group.be\/fr\/demolition\/#primaryimage\",\"url\":\"https:\/\/www.phenix-group.be\/wp-content\/uploads\/2021\/05\/dsc_9092.jpg\",\"contentUrl\":\"https:\/\/www.phenix-group.be\/wp-content\/uploads\/2021\/05\/dsc_9092.jpg\",\"width\":1600,\"height\":1067},{\"@type\":\"BreadcrumbList\",\"@id\":\"https:\/\/www.phenix-group.be\/fr\/demolition\/#breadcrumb\",\"itemListElement\":[{\"@type\":\"ListItem\",\"position\":1,\"name\":\"Home\",\"item\":\"https:\/\/www.phenix-group.be\/fr\/\"},{\"@type\":\"ListItem\",\"position\":2,\"name\":\"D\u00e9molition\"}]},{\"@type\":\"WebSite\",\"@id\":\"https:\/\/www.phenix-group.be\/fr\/#website\",\"url\":\"https:\/\/www.phenix-group.be\/fr\/\",\"name\":\"Phenix Group\",\"description\":\"Construction &amp; Development\",\"potentialAction\":[{\"@type\":\"SearchAction\",\"target\":{\"@type\":\"EntryPoint\",\"urlTemplate\":\"https:\/\/www.phenix-group.be\/fr\/?s={search_term_string}\"},\"query-input\":{\"@type\":\"PropertyValueSpecification\",\"valueRequired\":true,\"valueName\":\"search_term_string\"}}],\"inLanguage\":\"fr-FR\"}]}<\/script>\n<!-- \/ Yoast SEO plugin. -->","yoast_head_json":{"title":"D\u00e9molition - Phenix Group","robots":{"index":"index","follow":"follow","max-snippet":"max-snippet:-1","max-image-preview":"max-image-preview:large","max-video-preview":"max-video-preview:-1"},"canonical":"https:\/\/www.phenix-group.be\/fr\/demolition\/","og_locale":"fr_FR","og_type":"article","og_title":"D\u00e9molition - Phenix Group","og_description":"Travaux de d\u00e9molition Qu\u2019il soit r\u00e9sidentiel ou industriel, nous d\u00e9molissons tout type de b\u00e2timent jusqu\u2019\u00e0 la derni\u00e8re pierre. Vous pouvez aussi compter sur nous pour des d\u00e9molitions plus d\u00e9licates \u00e0...","og_url":"https:\/\/www.phenix-group.be\/fr\/demolition\/","og_site_name":"Phenix Group","article_modified_time":"2023-01-18T10:30:34+00:00","og_image":[{"width":1600,"height":1067,"url":"https:\/\/www.phenix-group.be\/wp-content\/uploads\/2021\/05\/dsc_9092.jpg","type":"image\/jpeg"}],"twitter_card":"summary_large_image","twitter_misc":{"Dur\u00e9e de lecture estim\u00e9e":"1 minute"},"schema":{"@context":"https:\/\/schema.org","@graph":[{"@type":"WebPage","@id":"https:\/\/www.phenix-group.be\/fr\/demolition\/","url":"https:\/\/www.phenix-group.be\/fr\/demolition\/","name":"D\u00e9molition - Phenix Group","isPartOf":{"@id":"https:\/\/www.phenix-group.be\/fr\/#website"},"primaryImageOfPage":{"@id":"https:\/\/www.phenix-group.be\/fr\/demolition\/#primaryimage"},"image":{"@id":"https:\/\/www.phenix-group.be\/fr\/demolition\/#primaryimage"},"thumbnailUrl":"https:\/\/www.phenix-group.be\/wp-content\/uploads\/2021\/05\/dsc_9092.jpg","datePublished":"2021-05-06T12:40:10+00:00","dateModified":"2023-01-18T10:30:34+00:00","breadcrumb":{"@id":"https:\/\/www.phenix-group.be\/fr\/demolition\/#breadcrumb"},"inLanguage":"fr-FR","potentialAction":[{"@type":"ReadAction","target":["https:\/\/www.phenix-group.be\/fr\/demolition\/"]}]},{"@type":"ImageObject","inLanguage":"fr-FR","@id":"https:\/\/www.phenix-group.be\/fr\/demolition\/#primaryimage","url":"https:\/\/www.phenix-group.be\/wp-content\/uploads\/2021\/05\/dsc_9092.jpg","contentUrl":"https:\/\/www.phenix-group.be\/wp-content\/uploads\/2021\/05\/dsc_9092.jpg","width":1600,"height":1067},{"@type":"BreadcrumbList","@id":"https:\/\/www.phenix-group.be\/fr\/demolition\/#breadcrumb","itemListElement":[{"@type":"ListItem","position":1,"name":"Home","item":"https:\/\/www.phenix-group.be\/fr\/"},{"@type":"ListItem","position":2,"name":"D\u00e9molition"}]},{"@type":"WebSite","@id":"https:\/\/www.phenix-group.be\/fr\/#website","url":"https:\/\/www.phenix-group.be\/fr\/","name":"Phenix Group","description":"Construction &amp; Development","potentialAction":[{"@type":"SearchAction","target":{"@type":"EntryPoint","urlTemplate":"https:\/\/www.phenix-group.be\/fr\/?s={search_term_string}"},"query-input":{"@type":"PropertyValueSpecification","valueRequired":true,"valueName":"search_term_string"}}],"inLanguage":"fr-FR"}]}},"wps_subtitle":"","_links":{"self":[{"href":"https:\/\/www.phenix-group.be\/fr\/wp-json\/wp\/v2\/pages\/618","targetHints":{"allow":["GET"]}}],"collection":[{"href":"https:\/\/www.phenix-group.be\/fr\/wp-json\/wp\/v2\/pages"}],"about":[{"href":"https:\/\/www.phenix-group.be\/fr\/wp-json\/wp\/v2\/types\/page"}],"author":[{"embeddable":true,"href":"https:\/\/www.phenix-group.be\/fr\/wp-json\/wp\/v2\/users\/3"}],"replies":[{"embeddable":true,"href":"https:\/\/www.phenix-group.be\/fr\/wp-json\/wp\/v2\/comments?post=618"}],"version-history":[{"count":3,"href":"https:\/\/www.phenix-group.be\/fr\/wp-json\/wp\/v2\/pages\/618\/revisions"}],"predecessor-version":[{"id":2727,"href":"https:\/\/www.phenix-group.be\/fr\/wp-json\/wp\/v2\/pages\/618\/revisions\/2727"}],"wp:featuredmedia":[{"embeddable":true,"href":"https:\/\/www.phenix-group.be\/fr\/wp-json\/wp\/v2\/media\/462"}],"wp:attachment":[{"href":"https:\/\/www.phenix-group.be\/fr\/wp-json\/wp\/v2\/media?parent=618"}],"curies":[{"name":"wp","href":"https:\/\/api.w.org\/{rel}","templated":true}]}}