{"id":620,"date":"2021-05-06T14:40:34","date_gmt":"2021-05-06T12:40:34","guid":{"rendered":"http:\/\/klanten.castaar.com\/phenixgroup\/?page_id=620"},"modified":"2023-01-18T11:25:52","modified_gmt":"2023-01-18T10:25:52","slug":"construction","status":"publish","type":"page","link":"https:\/\/www.phenix-group.be\/fr\/construction\/","title":{"rendered":"Construction"},"content":{"rendered":"<style>.wp-block-kadence-advancedheading.kt-adv-heading_4bf3bd-09, .wp-block-kadence-advancedheading.kt-adv-heading_4bf3bd-09[data-kb-block=\"kb-adv-heading_4bf3bd-09\"]{margin-bottom:20px;font-size:1.3em;font-style:normal;}.wp-block-kadence-advancedheading.kt-adv-heading_4bf3bd-09 mark.kt-highlight, .wp-block-kadence-advancedheading.kt-adv-heading_4bf3bd-09[data-kb-block=\"kb-adv-heading_4bf3bd-09\"] mark.kt-highlight{font-style:normal;color:#f76a0c;-webkit-box-decoration-break:clone;box-decoration-break:clone;padding-top:0px;padding-right:0px;padding-bottom:0px;padding-left:0px;}.wp-block-kadence-advancedheading.kt-adv-heading_4bf3bd-09 img.kb-inline-image, .wp-block-kadence-advancedheading.kt-adv-heading_4bf3bd-09[data-kb-block=\"kb-adv-heading_4bf3bd-09\"] img.kb-inline-image{width:150px;vertical-align:baseline;}<\/style>\n<h2 class=\"kt-adv-heading_4bf3bd-09 wp-block-kadence-advancedheading has-blue-color has-text-color\" data-kb-block=\"kb-adv-heading_4bf3bd-09\">B\u00e2timents industriels en gros \u0153uvre ferm\u00e9<\/h2>\n\n\n\n<p>Phenix Group est le sp\u00e9cialiste par excellence du gros \u0153uvre industriel ferm\u00e9. En tant que constructeur industriel exp\u00e9riment\u00e9, nous mettons un point d\u2019honneur \u00e0 vous livrer une qualit\u00e9 irr\u00e9prochable et \u00e0 l\u2019\u00e9preuve du temps. Nous construisons en un temps record des b\u00e2timents dot\u00e9s comme il se doit d\u2019une structure solide en acier ou en b\u00e9ton. Immeubles commerciaux, unit\u00e9s PME avec bureaux, entrep\u00f4ts, hangars ou salles d\u2019exposition\u2026 Nous r\u00e9alisons tous les types de b\u00e2timents d\u2019entreprise en ce compris l\u2019am\u00e9nagement des abords tels que parkings, syst\u00e8mes d\u2019\u00e9gouttage et installations ext\u00e9rieures. <\/p>\n\n\n<style>.wp-block-kadence-spacer.kt-block-spacer-_9fb77b-18 .kt-block-spacer{height:30px;}.wp-block-kadence-spacer.kt-block-spacer-_9fb77b-18 .kt-divider{border-top-width:1px;height:1px;border-top-color:#eee;width:80%;border-top-style:solid;}<\/style>\n<div class=\"wp-block-kadence-spacer aligncenter kt-block-spacer-_9fb77b-18\"><div class=\"kt-block-spacer kt-block-spacer-halign-center\"><\/div><\/div>\n\n\n<style>.wp-block-kadence-advancedheading.kt-adv-heading_3cc2e4-20, .wp-block-kadence-advancedheading.kt-adv-heading_3cc2e4-20[data-kb-block=\"kb-adv-heading_3cc2e4-20\"]{margin-bottom:20px;font-size:1.3em;font-style:normal;}.wp-block-kadence-advancedheading.kt-adv-heading_3cc2e4-20 mark.kt-highlight, .wp-block-kadence-advancedheading.kt-adv-heading_3cc2e4-20[data-kb-block=\"kb-adv-heading_3cc2e4-20\"] mark.kt-highlight{font-style:normal;color:#f76a0c;-webkit-box-decoration-break:clone;box-decoration-break:clone;padding-top:0px;padding-right:0px;padding-bottom:0px;padding-left:0px;}.wp-block-kadence-advancedheading.kt-adv-heading_3cc2e4-20 img.kb-inline-image, .wp-block-kadence-advancedheading.kt-adv-heading_3cc2e4-20[data-kb-block=\"kb-adv-heading_3cc2e4-20\"] img.kb-inline-image{width:150px;vertical-align:baseline;}<\/style>\n<h2 class=\"kt-adv-heading_3cc2e4-20 wp-block-kadence-advancedheading has-blue-color has-text-color\" data-kb-block=\"kb-adv-heading_3cc2e4-20\">Transformation de b\u00e2timents industriels<\/h2>\n\n\n\n<p>Envie de modifier l\u2019agencement de votre immeuble ou de cr\u00e9er une extension pour disposer de bureaux suppl\u00e9mentaires ? Phenix Group transforme n\u2019importe quel b\u00e2timent, que ce soit \u00e0 l\u2019int\u00e9rieur ou \u00e0 l\u2019ext\u00e9rieur. Aucun projet n\u2019est trop ambitieux pour les experts en construction industrielle que nous sommes. Nous mettons tout en \u0153uvre pour permettre \u00e0 votre entreprise de poursuivre ses activit\u00e9s pendant les travaux de transformation. Une pr\u00e9paration minutieuse et une flexibilit\u00e9 sans limite nous permettent de vous garantir des d\u00e9lais d\u2019ex\u00e9cution particuli\u00e8rement courts. Nous travaillons et vous continuez \u00e0 travailler, ce qui vous \u00e9vite toute perte de chiffre d\u2019affaires. <\/p>\n\n\n<style>.wp-block-kadence-spacer.kt-block-spacer-_d52e75-b8 .kt-block-spacer{height:30px;}.wp-block-kadence-spacer.kt-block-spacer-_d52e75-b8 .kt-divider{border-top-width:1px;height:1px;border-top-color:#eee;width:80%;border-top-style:solid;}<\/style>\n<div class=\"wp-block-kadence-spacer aligncenter kt-block-spacer-_d52e75-b8\"><div class=\"kt-block-spacer kt-block-spacer-halign-center\"><\/div><\/div>\n\n\n<style>.wp-block-kadence-advancedheading.kt-adv-heading_04b1a1-bb, .wp-block-kadence-advancedheading.kt-adv-heading_04b1a1-bb[data-kb-block=\"kb-adv-heading_04b1a1-bb\"]{margin-bottom:20px;font-size:1.3em;font-style:normal;}.wp-block-kadence-advancedheading.kt-adv-heading_04b1a1-bb mark.kt-highlight, .wp-block-kadence-advancedheading.kt-adv-heading_04b1a1-bb[data-kb-block=\"kb-adv-heading_04b1a1-bb\"] mark.kt-highlight{font-style:normal;color:#f76a0c;-webkit-box-decoration-break:clone;box-decoration-break:clone;padding-top:0px;padding-right:0px;padding-bottom:0px;padding-left:0px;}.wp-block-kadence-advancedheading.kt-adv-heading_04b1a1-bb img.kb-inline-image, .wp-block-kadence-advancedheading.kt-adv-heading_04b1a1-bb[data-kb-block=\"kb-adv-heading_04b1a1-bb\"] img.kb-inline-image{width:150px;vertical-align:baseline;}<\/style>\n<h2 class=\"kt-adv-heading_04b1a1-bb wp-block-kadence-advancedheading has-blue-color has-text-color\" data-kb-block=\"kb-adv-heading_04b1a1-bb\">B\u00e2timents utilitaires<\/h2>\n\n\n\n<p>Phenix Group est le partenaire id\u00e9al pour tous vos b\u00e2timents utilitaires, des \u00e9coles aux immeubles de bureaux. Nous effectuons tous les types de construction. Selon les besoins, nous avons recours \u00e0 du pr\u00e9fabriqu\u00e9 ou \u00e0 la m\u00e9thode classique qui fait principalement appel \u00e0 la construction traditionnelle et \u00e0 la ma\u00e7onnerie. Phenix Group vous garantit une construction \u00e0 l\u2019\u00e9preuve du vent et de l\u2019humidit\u00e9. Si vous le souhaitez, nous pouvons \u00e9galement prendre en charge les finitions et les aspects techniques. Avec Phenix Group, votre projet est toujours entre les meilleures mains.<\/p>\n","protected":false},"excerpt":{"rendered":"B\u00e2timents industriels en gros \u0153uvre ferm\u00e9 Phenix Group est le sp\u00e9cialiste par excellence du gros \u0153uvre industriel ferm\u00e9. En tant que constructeur industriel exp\u00e9riment\u00e9, nous mettons un point d\u2019honneur \u00e0&#8230;","protected":false},"author":3,"featured_media":450,"parent":0,"menu_order":0,"comment_status":"closed","ping_status":"closed","template":"type-bouw.php","meta":{"_acf_changed":false,"footnotes":""},"class_list":["post-620","page","type-page","status-publish","has-post-thumbnail","hentry"],"acf":[],"yoast_head":"<!-- This site is optimized with the Yoast SEO plugin v26.9 - https:\/\/yoast.com\/product\/yoast-seo-wordpress\/ -->\n<title>Construction - Phenix Group<\/title>\n<meta name=\"robots\" content=\"index, follow, max-snippet:-1, max-image-preview:large, max-video-preview:-1\" \/>\n<link rel=\"canonical\" href=\"https:\/\/www.phenix-group.be\/fr\/construction\/\" \/>\n<meta property=\"og:locale\" content=\"fr_FR\" \/>\n<meta property=\"og:type\" content=\"article\" \/>\n<meta property=\"og:title\" content=\"Construction - Phenix Group\" \/>\n<meta property=\"og:description\" content=\"B\u00e2timents industriels en gros \u0153uvre ferm\u00e9 Phenix Group est le sp\u00e9cialiste par excellence du gros \u0153uvre industriel ferm\u00e9. En tant que constructeur industriel exp\u00e9riment\u00e9, nous mettons un point d\u2019honneur \u00e0...\" \/>\n<meta property=\"og:url\" content=\"https:\/\/www.phenix-group.be\/fr\/construction\/\" \/>\n<meta property=\"og:site_name\" content=\"Phenix Group\" \/>\n<meta property=\"article:modified_time\" content=\"2023-01-18T10:25:52+00:00\" \/>\n<meta property=\"og:image\" content=\"https:\/\/www.phenix-group.be\/wp-content\/uploads\/2021\/05\/dsc_9176.jpg\" \/>\n\t<meta property=\"og:image:width\" content=\"1600\" \/>\n\t<meta property=\"og:image:height\" content=\"1067\" \/>\n\t<meta property=\"og:image:type\" content=\"image\/jpeg\" \/>\n<meta name=\"twitter:card\" content=\"summary_large_image\" \/>\n<meta name=\"twitter:label1\" content=\"Dur\u00e9e de lecture estim\u00e9e\" \/>\n\t<meta name=\"twitter:data1\" content=\"2 minutes\" \/>\n<script type=\"application\/ld+json\" class=\"yoast-schema-graph\">{\"@context\":\"https:\/\/schema.org\",\"@graph\":[{\"@type\":\"WebPage\",\"@id\":\"https:\/\/www.phenix-group.be\/fr\/construction\/\",\"url\":\"https:\/\/www.phenix-group.be\/fr\/construction\/\",\"name\":\"Construction - Phenix Group\",\"isPartOf\":{\"@id\":\"https:\/\/www.phenix-group.be\/fr\/#website\"},\"primaryImageOfPage\":{\"@id\":\"https:\/\/www.phenix-group.be\/fr\/construction\/#primaryimage\"},\"image\":{\"@id\":\"https:\/\/www.phenix-group.be\/fr\/construction\/#primaryimage\"},\"thumbnailUrl\":\"https:\/\/www.phenix-group.be\/wp-content\/uploads\/2021\/05\/dsc_9176.jpg\",\"datePublished\":\"2021-05-06T12:40:34+00:00\",\"dateModified\":\"2023-01-18T10:25:52+00:00\",\"breadcrumb\":{\"@id\":\"https:\/\/www.phenix-group.be\/fr\/construction\/#breadcrumb\"},\"inLanguage\":\"fr-FR\",\"potentialAction\":[{\"@type\":\"ReadAction\",\"target\":[\"https:\/\/www.phenix-group.be\/fr\/construction\/\"]}]},{\"@type\":\"ImageObject\",\"inLanguage\":\"fr-FR\",\"@id\":\"https:\/\/www.phenix-group.be\/fr\/construction\/#primaryimage\",\"url\":\"https:\/\/www.phenix-group.be\/wp-content\/uploads\/2021\/05\/dsc_9176.jpg\",\"contentUrl\":\"https:\/\/www.phenix-group.be\/wp-content\/uploads\/2021\/05\/dsc_9176.jpg\",\"width\":1600,\"height\":1067},{\"@type\":\"BreadcrumbList\",\"@id\":\"https:\/\/www.phenix-group.be\/fr\/construction\/#breadcrumb\",\"itemListElement\":[{\"@type\":\"ListItem\",\"position\":1,\"name\":\"Home\",\"item\":\"https:\/\/www.phenix-group.be\/fr\/\"},{\"@type\":\"ListItem\",\"position\":2,\"name\":\"Construction\"}]},{\"@type\":\"WebSite\",\"@id\":\"https:\/\/www.phenix-group.be\/fr\/#website\",\"url\":\"https:\/\/www.phenix-group.be\/fr\/\",\"name\":\"Phenix Group\",\"description\":\"Construction &amp; Development\",\"potentialAction\":[{\"@type\":\"SearchAction\",\"target\":{\"@type\":\"EntryPoint\",\"urlTemplate\":\"https:\/\/www.phenix-group.be\/fr\/?s={search_term_string}\"},\"query-input\":{\"@type\":\"PropertyValueSpecification\",\"valueRequired\":true,\"valueName\":\"search_term_string\"}}],\"inLanguage\":\"fr-FR\"}]}<\/script>\n<!-- \/ Yoast SEO plugin. -->","yoast_head_json":{"title":"Construction - Phenix Group","robots":{"index":"index","follow":"follow","max-snippet":"max-snippet:-1","max-image-preview":"max-image-preview:large","max-video-preview":"max-video-preview:-1"},"canonical":"https:\/\/www.phenix-group.be\/fr\/construction\/","og_locale":"fr_FR","og_type":"article","og_title":"Construction - Phenix Group","og_description":"B\u00e2timents industriels en gros \u0153uvre ferm\u00e9 Phenix Group est le sp\u00e9cialiste par excellence du gros \u0153uvre industriel ferm\u00e9. En tant que constructeur industriel exp\u00e9riment\u00e9, nous mettons un point d\u2019honneur \u00e0...","og_url":"https:\/\/www.phenix-group.be\/fr\/construction\/","og_site_name":"Phenix Group","article_modified_time":"2023-01-18T10:25:52+00:00","og_image":[{"width":1600,"height":1067,"url":"https:\/\/www.phenix-group.be\/wp-content\/uploads\/2021\/05\/dsc_9176.jpg","type":"image\/jpeg"}],"twitter_card":"summary_large_image","twitter_misc":{"Dur\u00e9e de lecture estim\u00e9e":"2 minutes"},"schema":{"@context":"https:\/\/schema.org","@graph":[{"@type":"WebPage","@id":"https:\/\/www.phenix-group.be\/fr\/construction\/","url":"https:\/\/www.phenix-group.be\/fr\/construction\/","name":"Construction - Phenix Group","isPartOf":{"@id":"https:\/\/www.phenix-group.be\/fr\/#website"},"primaryImageOfPage":{"@id":"https:\/\/www.phenix-group.be\/fr\/construction\/#primaryimage"},"image":{"@id":"https:\/\/www.phenix-group.be\/fr\/construction\/#primaryimage"},"thumbnailUrl":"https:\/\/www.phenix-group.be\/wp-content\/uploads\/2021\/05\/dsc_9176.jpg","datePublished":"2021-05-06T12:40:34+00:00","dateModified":"2023-01-18T10:25:52+00:00","breadcrumb":{"@id":"https:\/\/www.phenix-group.be\/fr\/construction\/#breadcrumb"},"inLanguage":"fr-FR","potentialAction":[{"@type":"ReadAction","target":["https:\/\/www.phenix-group.be\/fr\/construction\/"]}]},{"@type":"ImageObject","inLanguage":"fr-FR","@id":"https:\/\/www.phenix-group.be\/fr\/construction\/#primaryimage","url":"https:\/\/www.phenix-group.be\/wp-content\/uploads\/2021\/05\/dsc_9176.jpg","contentUrl":"https:\/\/www.phenix-group.be\/wp-content\/uploads\/2021\/05\/dsc_9176.jpg","width":1600,"height":1067},{"@type":"BreadcrumbList","@id":"https:\/\/www.phenix-group.be\/fr\/construction\/#breadcrumb","itemListElement":[{"@type":"ListItem","position":1,"name":"Home","item":"https:\/\/www.phenix-group.be\/fr\/"},{"@type":"ListItem","position":2,"name":"Construction"}]},{"@type":"WebSite","@id":"https:\/\/www.phenix-group.be\/fr\/#website","url":"https:\/\/www.phenix-group.be\/fr\/","name":"Phenix Group","description":"Construction &amp; Development","potentialAction":[{"@type":"SearchAction","target":{"@type":"EntryPoint","urlTemplate":"https:\/\/www.phenix-group.be\/fr\/?s={search_term_string}"},"query-input":{"@type":"PropertyValueSpecification","valueRequired":true,"valueName":"search_term_string"}}],"inLanguage":"fr-FR"}]}},"wps_subtitle":"","_links":{"self":[{"href":"https:\/\/www.phenix-group.be\/fr\/wp-json\/wp\/v2\/pages\/620","targetHints":{"allow":["GET"]}}],"collection":[{"href":"https:\/\/www.phenix-group.be\/fr\/wp-json\/wp\/v2\/pages"}],"about":[{"href":"https:\/\/www.phenix-group.be\/fr\/wp-json\/wp\/v2\/types\/page"}],"author":[{"embeddable":true,"href":"https:\/\/www.phenix-group.be\/fr\/wp-json\/wp\/v2\/users\/3"}],"replies":[{"embeddable":true,"href":"https:\/\/www.phenix-group.be\/fr\/wp-json\/wp\/v2\/comments?post=620"}],"version-history":[{"count":2,"href":"https:\/\/www.phenix-group.be\/fr\/wp-json\/wp\/v2\/pages\/620\/revisions"}],"predecessor-version":[{"id":2718,"href":"https:\/\/www.phenix-group.be\/fr\/wp-json\/wp\/v2\/pages\/620\/revisions\/2718"}],"wp:featuredmedia":[{"embeddable":true,"href":"https:\/\/www.phenix-group.be\/fr\/wp-json\/wp\/v2\/media\/450"}],"wp:attachment":[{"href":"https:\/\/www.phenix-group.be\/fr\/wp-json\/wp\/v2\/media?parent=620"}],"curies":[{"name":"wp","href":"https:\/\/api.w.org\/{rel}","templated":true}]}}