{"id":632,"date":"2021-05-06T14:44:57","date_gmt":"2021-05-06T12:44:57","guid":{"rendered":"http:\/\/klanten.castaar.com\/phenixgroup\/?page_id=632"},"modified":"2025-06-02T13:23:50","modified_gmt":"2025-06-02T11:23:50","slug":"a-propos-de-nous","status":"publish","type":"page","link":"https:\/\/www.phenix-group.be\/fr\/a-propos-de-nous\/","title":{"rendered":"\u00c0 propos de nous"},"content":{"rendered":"\n<p>Phenix Group est sp\u00e9cialis\u00e9 en construction industrielle, ainsi qu\u2019en travaux de d\u00e9molition et de forage. Koen et Ilse, ses fondateurs, ont cr\u00e9\u00e9 leur entreprise en 2012. Koen totalise plus de vingt ans d\u2019exp\u00e9rience dans le secteur de la construction. <\/p>\n\n\n\n<p>\u00c0 ses d\u00e9but, l\u2019entreprise occupait 4 employ\u00e9s et 5 ouvriers. Aujourd\u2019hui, elle compte 20 employ\u00e9s et une soixante d\u2019hommes de m\u00e9tier s\u2019activent sur ses chantiers sans oublier les sous-traitants sp\u00e9cialis\u00e9s qui leur pr\u00eatent main forte.<\/p>\n\n\n\n<p>Colruyt, Delhaize, Aldi mais aussi l\u2019a\u00e9roport de Zaventem ne sont que quelques exemples de grandes entreprises pour qui Phenix Group a construit de nombreux b\u00e2timents industriels imposants en un temps record. Phenix Group est en outre titulaire d\u2019une agr\u00e9ation en classe 6 en tant qu\u2019entreprise g\u00e9n\u00e9rale du b\u00e2timent.<\/p>\n\n\n\n<p>En 2023, notre si\u00e8ge social quittera le centre de Pepingen qui l\u2019a accueilli pendant plus d\u2019une d\u00e9cennie pour prendre ses quartiers dans un tout nouvel immeuble de bureaux compl\u00e9t\u00e9 d\u2019entrep\u00f4ts dans le parc d\u2019activit\u00e9s \u00e9conomiques de Saintes.<\/p>\n\n\n\n<p>Nos atouts ? La place centrale r\u00e9serv\u00e9e au client, l\u2019efficacit\u00e9 et la r\u00e9activit\u00e9. Nous menons de front quinze \u00e0 vingt chantiers au quotidien et pouvons tr\u00e8s facilement permuter nos \u00e9quipes et collaborateurs. Cela explique qu\u2019aucun probl\u00e8me ne nous r\u00e9siste. C\u2019est \u00e9galement une n\u00e9cessit\u00e9 sachant que nous nous investissons dans quelque 130 projets par an.<\/p>\n\n\n\n<p>Nous disposons d\u2019un parc de machines compos\u00e9 d\u2019outils hautement sp\u00e9cialis\u00e9s et \u00e0 la pointe de la modernit\u00e9. De quoi offrir en permanence \u00e0 nos clients la solution adapt\u00e9e \u00e0 leurs besoins. Flexibilit\u00e9, rapidit\u00e9 et professionnalisme garantis !<\/p>\n\n\n\n<p>Notre meilleure publicit\u00e9 ? Nos clients. Beaucoup d\u2019entre eux ont fait de Phenix Group l\u2019un de leurs entrepreneurs attitr\u00e9s. Nous cherchons toujours \u00e0 tisser des relations durables et des partenariats sur le long terme.<\/p>\n\n\n\n<p>Phenix Group se veut un partenaire constructif pour ses clients, les architectes, mais aussi tous les entrepreneurs avec qui il collabore sans oublier ses sous-traitants. Nous donnons tout son sens au terme \u00ab \u00e9quipe de construction \u00bb, qui constitue notre mode op\u00e9ratoire standard. <\/p>\n","protected":false},"excerpt":{"rendered":"Phenix Group est sp\u00e9cialis\u00e9 en construction industrielle, ainsi qu\u2019en travaux de d\u00e9molition et de forage. Koen et Ilse, ses fondateurs, ont cr\u00e9\u00e9 leur entreprise en 2012. Koen totalise plus de&#8230;","protected":false},"author":3,"featured_media":480,"parent":0,"menu_order":0,"comment_status":"closed","ping_status":"closed","template":"","meta":{"_acf_changed":false,"footnotes":""},"class_list":["post-632","page","type-page","status-publish","has-post-thumbnail","hentry"],"acf":[],"yoast_head":"<!-- This site is optimized with the Yoast SEO plugin v26.9 - https:\/\/yoast.com\/product\/yoast-seo-wordpress\/ -->\n<title>\u00c0 propos de nous - Phenix Group<\/title>\n<meta name=\"robots\" content=\"index, follow, max-snippet:-1, max-image-preview:large, max-video-preview:-1\" \/>\n<link rel=\"canonical\" href=\"https:\/\/www.phenix-group.be\/fr\/a-propos-de-nous\/\" \/>\n<meta property=\"og:locale\" content=\"fr_FR\" \/>\n<meta property=\"og:type\" content=\"article\" \/>\n<meta property=\"og:title\" content=\"\u00c0 propos de nous - Phenix Group\" \/>\n<meta property=\"og:description\" content=\"Phenix Group est sp\u00e9cialis\u00e9 en construction industrielle, ainsi qu\u2019en travaux de d\u00e9molition et de forage. Koen et Ilse, ses fondateurs, ont cr\u00e9\u00e9 leur entreprise en 2012. Koen totalise plus de...\" \/>\n<meta property=\"og:url\" content=\"https:\/\/www.phenix-group.be\/fr\/a-propos-de-nous\/\" \/>\n<meta property=\"og:site_name\" content=\"Phenix Group\" \/>\n<meta property=\"article:modified_time\" content=\"2025-06-02T11:23:50+00:00\" \/>\n<meta property=\"og:image\" content=\"https:\/\/www.phenix-group.be\/wp-content\/uploads\/2021\/05\/dsc_9156-2.jpg\" \/>\n\t<meta property=\"og:image:width\" content=\"1600\" \/>\n\t<meta property=\"og:image:height\" content=\"600\" \/>\n\t<meta property=\"og:image:type\" content=\"image\/jpeg\" \/>\n<meta name=\"twitter:card\" content=\"summary_large_image\" \/>\n<meta name=\"twitter:label1\" content=\"Dur\u00e9e de lecture estim\u00e9e\" \/>\n\t<meta name=\"twitter:data1\" content=\"2 minutes\" \/>\n<script type=\"application\/ld+json\" class=\"yoast-schema-graph\">{\"@context\":\"https:\/\/schema.org\",\"@graph\":[{\"@type\":\"WebPage\",\"@id\":\"https:\/\/www.phenix-group.be\/fr\/a-propos-de-nous\/\",\"url\":\"https:\/\/www.phenix-group.be\/fr\/a-propos-de-nous\/\",\"name\":\"\u00c0 propos de nous - Phenix Group\",\"isPartOf\":{\"@id\":\"https:\/\/www.phenix-group.be\/fr\/#website\"},\"primaryImageOfPage\":{\"@id\":\"https:\/\/www.phenix-group.be\/fr\/a-propos-de-nous\/#primaryimage\"},\"image\":{\"@id\":\"https:\/\/www.phenix-group.be\/fr\/a-propos-de-nous\/#primaryimage\"},\"thumbnailUrl\":\"https:\/\/www.phenix-group.be\/wp-content\/uploads\/2021\/05\/dsc_9156-2.jpg\",\"datePublished\":\"2021-05-06T12:44:57+00:00\",\"dateModified\":\"2025-06-02T11:23:50+00:00\",\"breadcrumb\":{\"@id\":\"https:\/\/www.phenix-group.be\/fr\/a-propos-de-nous\/#breadcrumb\"},\"inLanguage\":\"fr-FR\",\"potentialAction\":[{\"@type\":\"ReadAction\",\"target\":[\"https:\/\/www.phenix-group.be\/fr\/a-propos-de-nous\/\"]}]},{\"@type\":\"ImageObject\",\"inLanguage\":\"fr-FR\",\"@id\":\"https:\/\/www.phenix-group.be\/fr\/a-propos-de-nous\/#primaryimage\",\"url\":\"https:\/\/www.phenix-group.be\/wp-content\/uploads\/2021\/05\/dsc_9156-2.jpg\",\"contentUrl\":\"https:\/\/www.phenix-group.be\/wp-content\/uploads\/2021\/05\/dsc_9156-2.jpg\",\"width\":1600,\"height\":600},{\"@type\":\"BreadcrumbList\",\"@id\":\"https:\/\/www.phenix-group.be\/fr\/a-propos-de-nous\/#breadcrumb\",\"itemListElement\":[{\"@type\":\"ListItem\",\"position\":1,\"name\":\"Home\",\"item\":\"https:\/\/www.phenix-group.be\/fr\/\"},{\"@type\":\"ListItem\",\"position\":2,\"name\":\"\u00c0 propos de nous\"}]},{\"@type\":\"WebSite\",\"@id\":\"https:\/\/www.phenix-group.be\/fr\/#website\",\"url\":\"https:\/\/www.phenix-group.be\/fr\/\",\"name\":\"Phenix Group\",\"description\":\"Construction &amp; Development\",\"potentialAction\":[{\"@type\":\"SearchAction\",\"target\":{\"@type\":\"EntryPoint\",\"urlTemplate\":\"https:\/\/www.phenix-group.be\/fr\/?s={search_term_string}\"},\"query-input\":{\"@type\":\"PropertyValueSpecification\",\"valueRequired\":true,\"valueName\":\"search_term_string\"}}],\"inLanguage\":\"fr-FR\"}]}<\/script>\n<!-- \/ Yoast SEO plugin. -->","yoast_head_json":{"title":"\u00c0 propos de nous - Phenix Group","robots":{"index":"index","follow":"follow","max-snippet":"max-snippet:-1","max-image-preview":"max-image-preview:large","max-video-preview":"max-video-preview:-1"},"canonical":"https:\/\/www.phenix-group.be\/fr\/a-propos-de-nous\/","og_locale":"fr_FR","og_type":"article","og_title":"\u00c0 propos de nous - Phenix Group","og_description":"Phenix Group est sp\u00e9cialis\u00e9 en construction industrielle, ainsi qu\u2019en travaux de d\u00e9molition et de forage. Koen et Ilse, ses fondateurs, ont cr\u00e9\u00e9 leur entreprise en 2012. Koen totalise plus de...","og_url":"https:\/\/www.phenix-group.be\/fr\/a-propos-de-nous\/","og_site_name":"Phenix Group","article_modified_time":"2025-06-02T11:23:50+00:00","og_image":[{"width":1600,"height":600,"url":"https:\/\/www.phenix-group.be\/wp-content\/uploads\/2021\/05\/dsc_9156-2.jpg","type":"image\/jpeg"}],"twitter_card":"summary_large_image","twitter_misc":{"Dur\u00e9e de lecture estim\u00e9e":"2 minutes"},"schema":{"@context":"https:\/\/schema.org","@graph":[{"@type":"WebPage","@id":"https:\/\/www.phenix-group.be\/fr\/a-propos-de-nous\/","url":"https:\/\/www.phenix-group.be\/fr\/a-propos-de-nous\/","name":"\u00c0 propos de nous - Phenix Group","isPartOf":{"@id":"https:\/\/www.phenix-group.be\/fr\/#website"},"primaryImageOfPage":{"@id":"https:\/\/www.phenix-group.be\/fr\/a-propos-de-nous\/#primaryimage"},"image":{"@id":"https:\/\/www.phenix-group.be\/fr\/a-propos-de-nous\/#primaryimage"},"thumbnailUrl":"https:\/\/www.phenix-group.be\/wp-content\/uploads\/2021\/05\/dsc_9156-2.jpg","datePublished":"2021-05-06T12:44:57+00:00","dateModified":"2025-06-02T11:23:50+00:00","breadcrumb":{"@id":"https:\/\/www.phenix-group.be\/fr\/a-propos-de-nous\/#breadcrumb"},"inLanguage":"fr-FR","potentialAction":[{"@type":"ReadAction","target":["https:\/\/www.phenix-group.be\/fr\/a-propos-de-nous\/"]}]},{"@type":"ImageObject","inLanguage":"fr-FR","@id":"https:\/\/www.phenix-group.be\/fr\/a-propos-de-nous\/#primaryimage","url":"https:\/\/www.phenix-group.be\/wp-content\/uploads\/2021\/05\/dsc_9156-2.jpg","contentUrl":"https:\/\/www.phenix-group.be\/wp-content\/uploads\/2021\/05\/dsc_9156-2.jpg","width":1600,"height":600},{"@type":"BreadcrumbList","@id":"https:\/\/www.phenix-group.be\/fr\/a-propos-de-nous\/#breadcrumb","itemListElement":[{"@type":"ListItem","position":1,"name":"Home","item":"https:\/\/www.phenix-group.be\/fr\/"},{"@type":"ListItem","position":2,"name":"\u00c0 propos de nous"}]},{"@type":"WebSite","@id":"https:\/\/www.phenix-group.be\/fr\/#website","url":"https:\/\/www.phenix-group.be\/fr\/","name":"Phenix Group","description":"Construction &amp; Development","potentialAction":[{"@type":"SearchAction","target":{"@type":"EntryPoint","urlTemplate":"https:\/\/www.phenix-group.be\/fr\/?s={search_term_string}"},"query-input":{"@type":"PropertyValueSpecification","valueRequired":true,"valueName":"search_term_string"}}],"inLanguage":"fr-FR"}]}},"wps_subtitle":"","_links":{"self":[{"href":"https:\/\/www.phenix-group.be\/fr\/wp-json\/wp\/v2\/pages\/632","targetHints":{"allow":["GET"]}}],"collection":[{"href":"https:\/\/www.phenix-group.be\/fr\/wp-json\/wp\/v2\/pages"}],"about":[{"href":"https:\/\/www.phenix-group.be\/fr\/wp-json\/wp\/v2\/types\/page"}],"author":[{"embeddable":true,"href":"https:\/\/www.phenix-group.be\/fr\/wp-json\/wp\/v2\/users\/3"}],"replies":[{"embeddable":true,"href":"https:\/\/www.phenix-group.be\/fr\/wp-json\/wp\/v2\/comments?post=632"}],"version-history":[{"count":5,"href":"https:\/\/www.phenix-group.be\/fr\/wp-json\/wp\/v2\/pages\/632\/revisions"}],"predecessor-version":[{"id":4229,"href":"https:\/\/www.phenix-group.be\/fr\/wp-json\/wp\/v2\/pages\/632\/revisions\/4229"}],"wp:featuredmedia":[{"embeddable":true,"href":"https:\/\/www.phenix-group.be\/fr\/wp-json\/wp\/v2\/media\/480"}],"wp:attachment":[{"href":"https:\/\/www.phenix-group.be\/fr\/wp-json\/wp\/v2\/media?parent=632"}],"curies":[{"name":"wp","href":"https:\/\/api.w.org\/{rel}","templated":true}]}}